{"id":14,"date":"2017-08-02T10:49:55","date_gmt":"2017-08-02T10:49:55","guid":{"rendered":"https:\/\/sites.ced.ncsu.edu\/ccerc\/?page_id=14"},"modified":"2025-11-11T14:38:11","modified_gmt":"2025-11-11T19:38:11","slug":"scholarship","status":"publish","type":"page","link":"https:\/\/sites.ced.ncsu.edu\/ccerc\/scholarship\/","title":{"rendered":"Scholarship"},"content":{"rendered":"\n\n\n\n\n<figure class=\"wp-block-image alignwide\"><img loading=\"lazy\" decoding=\"async\" width=\"1024\" height=\"680\" src=\"https:\/\/sites.ced.ncsu.edu\/ccerc\/wp-content\/uploads\/sites\/2\/2018\/12\/IMG_9863-1024x680.jpg\" alt=\"\" class=\"wp-image-881\" srcset=\"https:\/\/sites.ced.ncsu.edu\/ccerc\/wp-content\/uploads\/sites\/2\/2018\/12\/IMG_9863-1024x680.jpg 1024w, https:\/\/sites.ced.ncsu.edu\/ccerc\/wp-content\/uploads\/sites\/2\/2018\/12\/IMG_9863-300x199.jpg 300w, https:\/\/sites.ced.ncsu.edu\/ccerc\/wp-content\/uploads\/sites\/2\/2018\/12\/IMG_9863-768x510.jpg 768w, https:\/\/sites.ced.ncsu.edu\/ccerc\/wp-content\/uploads\/sites\/2\/2018\/12\/IMG_9863-460x305.jpg 460w, https:\/\/sites.ced.ncsu.edu\/ccerc\/wp-content\/uploads\/sites\/2\/2018\/12\/IMG_9863-920x611.jpg 920w, https:\/\/sites.ced.ncsu.edu\/ccerc\/wp-content\/uploads\/sites\/2\/2018\/12\/IMG_9863-376x250.jpg 376w, https:\/\/sites.ced.ncsu.edu\/ccerc\/wp-content\/uploads\/sites\/2\/2018\/12\/IMG_9863-752x499.jpg 752w, https:\/\/sites.ced.ncsu.edu\/ccerc\/wp-content\/uploads\/sites\/2\/2018\/12\/IMG_9863-345x229.jpg 345w, https:\/\/sites.ced.ncsu.edu\/ccerc\/wp-content\/uploads\/sites\/2\/2018\/12\/IMG_9863-690x458.jpg 690w, https:\/\/sites.ced.ncsu.edu\/ccerc\/wp-content\/uploads\/sites\/2\/2018\/12\/IMG_9863-1536x1020.jpg 1536w, https:\/\/sites.ced.ncsu.edu\/ccerc\/wp-content\/uploads\/sites\/2\/2018\/12\/IMG_9863-950x631.jpg 950w, https:\/\/sites.ced.ncsu.edu\/ccerc\/wp-content\/uploads\/sites\/2\/2018\/12\/IMG_9863-1900x1262.jpg 1900w, https:\/\/sites.ced.ncsu.edu\/ccerc\/wp-content\/uploads\/sites\/2\/2018\/12\/IMG_9863-783x520.jpg 783w, https:\/\/sites.ced.ncsu.edu\/ccerc\/wp-content\/uploads\/sites\/2\/2018\/12\/IMG_9863-1566x1040.jpg 1566w, https:\/\/sites.ced.ncsu.edu\/ccerc\/wp-content\/uploads\/sites\/2\/2018\/12\/IMG_9863-720x478.jpg 720w, https:\/\/sites.ced.ncsu.edu\/ccerc\/wp-content\/uploads\/sites\/2\/2018\/12\/IMG_9863-1440x956.jpg 1440w, https:\/\/sites.ced.ncsu.edu\/ccerc\/wp-content\/uploads\/sites\/2\/2018\/12\/IMG_9863-570x378.jpg 570w, https:\/\/sites.ced.ncsu.edu\/ccerc\/wp-content\/uploads\/sites\/2\/2018\/12\/IMG_9863-1140x757.jpg 1140w, https:\/\/sites.ced.ncsu.edu\/ccerc\/wp-content\/uploads\/sites\/2\/2018\/12\/IMG_9863-470x312.jpg 470w, https:\/\/sites.ced.ncsu.edu\/ccerc\/wp-content\/uploads\/sites\/2\/2018\/12\/IMG_9863-940x624.jpg 940w, https:\/\/sites.ced.ncsu.edu\/ccerc\/wp-content\/uploads\/sites\/2\/2018\/12\/IMG_9863-370x246.jpg 370w, https:\/\/sites.ced.ncsu.edu\/ccerc\/wp-content\/uploads\/sites\/2\/2018\/12\/IMG_9863-740x491.jpg 740w, https:\/\/sites.ced.ncsu.edu\/ccerc\/wp-content\/uploads\/sites\/2\/2018\/12\/IMG_9863-825x548.jpg 825w, https:\/\/sites.ced.ncsu.edu\/ccerc\/wp-content\/uploads\/sites\/2\/2018\/12\/IMG_9863-1650x1096.jpg 1650w, https:\/\/sites.ced.ncsu.edu\/ccerc\/wp-content\/uploads\/sites\/2\/2018\/12\/IMG_9863-992x659.jpg 992w, https:\/\/sites.ced.ncsu.edu\/ccerc\/wp-content\/uploads\/sites\/2\/2018\/12\/IMG_9863-1984x1317.jpg 1984w, https:\/\/sites.ced.ncsu.edu\/ccerc\/wp-content\/uploads\/sites\/2\/2018\/12\/IMG_9863-324x215.jpg 324w, https:\/\/sites.ced.ncsu.edu\/ccerc\/wp-content\/uploads\/sites\/2\/2018\/12\/IMG_9863-648x430.jpg 648w, https:\/\/sites.ced.ncsu.edu\/ccerc\/wp-content\/uploads\/sites\/2\/2018\/12\/IMG_9863-258x171.jpg 258w, https:\/\/sites.ced.ncsu.edu\/ccerc\/wp-content\/uploads\/sites\/2\/2018\/12\/IMG_9863-516x343.jpg 516w, https:\/\/sites.ced.ncsu.edu\/ccerc\/wp-content\/uploads\/sites\/2\/2018\/12\/IMG_9863-184x122.jpg 184w, https:\/\/sites.ced.ncsu.edu\/ccerc\/wp-content\/uploads\/sites\/2\/2018\/12\/IMG_9863-368x244.jpg 368w, https:\/\/sites.ced.ncsu.edu\/ccerc\/wp-content\/uploads\/sites\/2\/2018\/12\/IMG_9863-681x452.jpg 681w, https:\/\/sites.ced.ncsu.edu\/ccerc\/wp-content\/uploads\/sites\/2\/2018\/12\/IMG_9863-1362x904.jpg 1362w, https:\/\/sites.ced.ncsu.edu\/ccerc\/wp-content\/uploads\/sites\/2\/2018\/12\/IMG_9863-675x448.jpg 675w, https:\/\/sites.ced.ncsu.edu\/ccerc\/wp-content\/uploads\/sites\/2\/2018\/12\/IMG_9863-1350x896.jpg 1350w, https:\/\/sites.ced.ncsu.edu\/ccerc\/wp-content\/uploads\/sites\/2\/2018\/12\/IMG_9863-1380x916.jpg 1380w, https:\/\/sites.ced.ncsu.edu\/ccerc\/wp-content\/uploads\/sites\/2\/2018\/12\/IMG_9863-707x469.jpg 707w, https:\/\/sites.ced.ncsu.edu\/ccerc\/wp-content\/uploads\/sites\/2\/2018\/12\/IMG_9863-1414x939.jpg 1414w\" sizes=\"auto, (max-width: 1024px) 100vw, 1024px\" \/><\/figure>\n\n\n\n<p class=\"has-text-align-center\"><strong>Articles<\/strong><\/p>\n\n\n\n<p>Grimmett, M.A., Lupton-Smith, H., Beckwith, A., Messinger, E., Edwards, M., Moody, B., Clark, C., Mohamed, M., Englert, M., &amp; Bates, D. (2024)&nbsp;Intent and impact: Connecting multicultural and social justice counselor training to community client experiences.&nbsp;Journal of Multicultural Counseling and Development,&nbsp;1\u201315.&nbsp;<a href=\"https:\/\/doi.org\/10.1002\/jmcd.12292\" target=\"_blank\" rel=\"noreferrer noopener\">https:\/\/doi.org\/10.1002\/jmcd.12292<\/a><\/p>\n\n\n\n<p><strong>Abstract<\/strong><\/p>\n\n\n\n<p>Limited studies examine the impact of multicultural counseling and training conceptual models on the experiences of community clients. The Community Counseling, Education, and Research Center (CCERC) model is designed to meet community client needs for counseling services and training needs of counseling students through multiculturalism, love ethic, and trauma sensitivity. A thematic analysis of client responses about their experience of the model revealed that counseling was validating, positive, meaningful, and helpful. Implications and recommendations for future research are provided.<\/p>\n\n\n\n<p><strong>Resumen<\/strong><\/p>\n\n\n\n<p>Estudios limitados examinan el impacto de los modelos conceptuales de asesoramiento y capacitaci\u00f3n multicultural en las experiencias de los clientes de la comunidad. El Modelo CCERC est\u00e1 dise\u00f1ado para satisfacer las necesidades de los clientes de la comunidad en cuanto a servicios de consejer\u00eda y las necesidades de capacitaci\u00f3n de los estudiantes de consejer\u00eda a trav\u00e9s del multiculturalismo, la \u00e9tica del amor y la sensibilidad al trauma. Un an\u00e1lisis tem\u00e1tico de las respuestas de los clientes sobre su experiencia con el modelo revel\u00f3 que la consejer\u00eda fue validadora, positiva, significativa y \u00fatil. Se proporcionan implicaciones y recomendaciones para futuras investigaciones.<\/p>\n\n\n\n<p>Grimmett, M.A., Lupton-Smith, H., Beckwith, A., Englert, M., &amp; Messinger, E. (2018). <a href=\"https:\/\/sites.ced.ncsu.edu\/ccerc\/wp-content\/uploads\/sites\/2\/2018\/10\/The-Community-Counseling-Education-and-Research-Center-CCERC-Model-Addressing-Community-Mental-Health-Needs-Through-Engagement-Scholarship.pdf\" target=\"_blank\" rel=\"noopener noreferrer\">The Community Counseling, Education, and Research Center (CCERC) Model: Addressing Community Mental Health Needs Through Engagement Scholarship<\/a>. <em>Journal of Higher Education Outreach and Engagement 22<\/em>(3), 201-230. Retrieved from <a href=\"https:\/\/openjournals.libs.uga.edu\/jheoe\/article\/view\/1407\" target=\"_blank\" rel=\"noopener noreferrer\">https:\/\/openjournals.libs.uga.edu\/jheoe\/article\/view\/1407<\/a><\/p>\n\n\n\n<p><strong>Abstract<\/strong><\/p>\n\n\n\n<p>Providing access to high-quality health services for all people is a national problem further compounded when the focus is mental health. Long-term primary prevention strategies and solutions, foundational to best practices in public health, are often considered at odds with short-term profit-driven private sector approaches within the capitalistic economy of the United States. Engagement scholarship, then, provides a uniquely viable, adaptable, responsive, customizable, and sustainable set of structures, mechanisms, and processes to address pressing societal needs. The CCERC model of engaged scholarship offers an example of community engagement, transformative and exceptional in addressing these societal and structural health care problems, with potential for customizable and contextual scalability. Specifically, world-class health care as a human right and an organizational value can be operationalized with engagement scholarship, which has the creativity and capacity to transform institutional values into purposeful and practical vehicles of community change.<\/p>\n\n\n\n<p>Grimmett, M.A., Beckwith, A., Lupton-Smith, H., Agronin, J., &amp; Englert, M. (2017).&nbsp; <a href=\"https:\/\/sites.ced.ncsu.edu\/ccerc\/wp-content\/uploads\/sites\/2\/2017\/08\/A-Community-Counseling-Center-Model-for-Multicultural-and-Social-Justice-Counselor-Education-Journal-of-Counselor-Leadership-and-Advocacy-2017.pdf\" target=\"_blank\" rel=\"noopener noreferrer\">A community counseling center model for multicultural and social justice counselor education. <\/a><em>Journal for Counselor Leadership and Advocacy, 4<\/em>(2), 161-171.&nbsp;<a href=\"https:\/\/www.tandfonline.com\/doi\/full\/10.1080\/2326716X.2017.1347390?scroll=top&amp;needAccess=true\" target=\"_blank\" rel=\"noopener noreferrer\">doi: 10.1080\/2326716X.2017.1347390<\/a><\/p>\n\n\n\n<p><strong>Abstract<\/strong><\/p>\n\n\n\n<p>The Community Counseling, Education, and Research Center (CCERC) model addresses a critical public health need for accessible, affordable, high-quality mental health services focused on wellness. Within a southeastern urban community, the multicultural and social justice foundation of the model responds to systemic needs and creates an optimal learning environment for counselor education graduate students, unavailable in traditional health-care and human service systems. A client study is offered to demonstrate the application of the model.<\/p>\n\n\n\n<figure class=\"wp-block-image\"><img loading=\"lazy\" decoding=\"async\" width=\"1920\" height=\"1428\" src=\"https:\/\/sites.ced.ncsu.edu\/ccerc\/wp-content\/uploads\/sites\/2\/2019\/10\/IMG_3249-1.jpg\" alt=\"\" class=\"wp-image-1052\" srcset=\"https:\/\/sites.ced.ncsu.edu\/ccerc\/wp-content\/uploads\/sites\/2\/2019\/10\/IMG_3249-1.jpg 1920w, https:\/\/sites.ced.ncsu.edu\/ccerc\/wp-content\/uploads\/sites\/2\/2019\/10\/IMG_3249-1-300x223.jpg 300w, https:\/\/sites.ced.ncsu.edu\/ccerc\/wp-content\/uploads\/sites\/2\/2019\/10\/IMG_3249-1-768x571.jpg 768w, https:\/\/sites.ced.ncsu.edu\/ccerc\/wp-content\/uploads\/sites\/2\/2019\/10\/IMG_3249-1-1024x762.jpg 1024w, https:\/\/sites.ced.ncsu.edu\/ccerc\/wp-content\/uploads\/sites\/2\/2019\/10\/IMG_3249-1-460x342.jpg 460w, https:\/\/sites.ced.ncsu.edu\/ccerc\/wp-content\/uploads\/sites\/2\/2019\/10\/IMG_3249-1-920x684.jpg 920w, https:\/\/sites.ced.ncsu.edu\/ccerc\/wp-content\/uploads\/sites\/2\/2019\/10\/IMG_3249-1-376x280.jpg 376w, https:\/\/sites.ced.ncsu.edu\/ccerc\/wp-content\/uploads\/sites\/2\/2019\/10\/IMG_3249-1-752x559.jpg 752w, https:\/\/sites.ced.ncsu.edu\/ccerc\/wp-content\/uploads\/sites\/2\/2019\/10\/IMG_3249-1-345x257.jpg 345w, https:\/\/sites.ced.ncsu.edu\/ccerc\/wp-content\/uploads\/sites\/2\/2019\/10\/IMG_3249-1-690x513.jpg 690w, https:\/\/sites.ced.ncsu.edu\/ccerc\/wp-content\/uploads\/sites\/2\/2019\/10\/IMG_3249-1-1536x1142.jpg 1536w, https:\/\/sites.ced.ncsu.edu\/ccerc\/wp-content\/uploads\/sites\/2\/2019\/10\/IMG_3249-1-950x707.jpg 950w, https:\/\/sites.ced.ncsu.edu\/ccerc\/wp-content\/uploads\/sites\/2\/2019\/10\/IMG_3249-1-1900x1413.jpg 1900w, https:\/\/sites.ced.ncsu.edu\/ccerc\/wp-content\/uploads\/sites\/2\/2019\/10\/IMG_3249-1-783x582.jpg 783w, https:\/\/sites.ced.ncsu.edu\/ccerc\/wp-content\/uploads\/sites\/2\/2019\/10\/IMG_3249-1-1566x1165.jpg 1566w, https:\/\/sites.ced.ncsu.edu\/ccerc\/wp-content\/uploads\/sites\/2\/2019\/10\/IMG_3249-1-720x536.jpg 720w, https:\/\/sites.ced.ncsu.edu\/ccerc\/wp-content\/uploads\/sites\/2\/2019\/10\/IMG_3249-1-1440x1071.jpg 1440w, https:\/\/sites.ced.ncsu.edu\/ccerc\/wp-content\/uploads\/sites\/2\/2019\/10\/IMG_3249-1-570x424.jpg 570w, https:\/\/sites.ced.ncsu.edu\/ccerc\/wp-content\/uploads\/sites\/2\/2019\/10\/IMG_3249-1-1140x848.jpg 1140w, https:\/\/sites.ced.ncsu.edu\/ccerc\/wp-content\/uploads\/sites\/2\/2019\/10\/IMG_3249-1-470x350.jpg 470w, https:\/\/sites.ced.ncsu.edu\/ccerc\/wp-content\/uploads\/sites\/2\/2019\/10\/IMG_3249-1-940x699.jpg 940w, https:\/\/sites.ced.ncsu.edu\/ccerc\/wp-content\/uploads\/sites\/2\/2019\/10\/IMG_3249-1-370x275.jpg 370w, https:\/\/sites.ced.ncsu.edu\/ccerc\/wp-content\/uploads\/sites\/2\/2019\/10\/IMG_3249-1-740x550.jpg 740w, https:\/\/sites.ced.ncsu.edu\/ccerc\/wp-content\/uploads\/sites\/2\/2019\/10\/IMG_3249-1-825x614.jpg 825w, https:\/\/sites.ced.ncsu.edu\/ccerc\/wp-content\/uploads\/sites\/2\/2019\/10\/IMG_3249-1-1650x1227.jpg 1650w, https:\/\/sites.ced.ncsu.edu\/ccerc\/wp-content\/uploads\/sites\/2\/2019\/10\/IMG_3249-1-992x738.jpg 992w, https:\/\/sites.ced.ncsu.edu\/ccerc\/wp-content\/uploads\/sites\/2\/2019\/10\/IMG_3249-1-324x241.jpg 324w, https:\/\/sites.ced.ncsu.edu\/ccerc\/wp-content\/uploads\/sites\/2\/2019\/10\/IMG_3249-1-648x482.jpg 648w, https:\/\/sites.ced.ncsu.edu\/ccerc\/wp-content\/uploads\/sites\/2\/2019\/10\/IMG_3249-1-258x192.jpg 258w, https:\/\/sites.ced.ncsu.edu\/ccerc\/wp-content\/uploads\/sites\/2\/2019\/10\/IMG_3249-1-516x384.jpg 516w, https:\/\/sites.ced.ncsu.edu\/ccerc\/wp-content\/uploads\/sites\/2\/2019\/10\/IMG_3249-1-184x137.jpg 184w, https:\/\/sites.ced.ncsu.edu\/ccerc\/wp-content\/uploads\/sites\/2\/2019\/10\/IMG_3249-1-368x274.jpg 368w, https:\/\/sites.ced.ncsu.edu\/ccerc\/wp-content\/uploads\/sites\/2\/2019\/10\/IMG_3249-1-681x506.jpg 681w, https:\/\/sites.ced.ncsu.edu\/ccerc\/wp-content\/uploads\/sites\/2\/2019\/10\/IMG_3249-1-1362x1013.jpg 1362w, https:\/\/sites.ced.ncsu.edu\/ccerc\/wp-content\/uploads\/sites\/2\/2019\/10\/IMG_3249-1-675x502.jpg 675w, https:\/\/sites.ced.ncsu.edu\/ccerc\/wp-content\/uploads\/sites\/2\/2019\/10\/IMG_3249-1-1350x1004.jpg 1350w, https:\/\/sites.ced.ncsu.edu\/ccerc\/wp-content\/uploads\/sites\/2\/2019\/10\/IMG_3249-1-1380x1026.jpg 1380w, https:\/\/sites.ced.ncsu.edu\/ccerc\/wp-content\/uploads\/sites\/2\/2019\/10\/IMG_3249-1-707x526.jpg 707w, https:\/\/sites.ced.ncsu.edu\/ccerc\/wp-content\/uploads\/sites\/2\/2019\/10\/IMG_3249-1-1414x1052.jpg 1414w\" sizes=\"auto, (max-width: 1500px) 100vw, 1500px\" \/><\/figure>\n\n\n\n<p class=\"has-text-align-center\"><strong>Presentations<\/strong><\/p>\n\n\n\n<ol class=\"wp-block-list\">\n<li>Bilodeau, D.A., Durham, B.J.,&nbsp;McAllister, H.(2020, February<i>). Meeting The Client Where They Are: The Lived Experiences of Graduate Students Facilitating Group Therapy in The Community.<\/i>&nbsp;Presentation at the North Carolina Counseling Association Annual Conference, Charlotte, NC.<\/li>\n\n\n\n<li>Lupton-Smith, H., Mohamed, R., Edwards, M., Messinger, E., Cataldi, A., &amp; Grimmett, M. A (2020, February). <em>Addressing mental health services in public schools with Master\u2019s level counseling trainees. <\/em>Paper presented at the meeting of the North Carolina Counseling Association Conference, Charlotte, NC.<\/li>\n\n\n\n<li>Durham, B. J., Edwards, M., Grimmett, M. A., Lupton-Smith, H., Messinger, E., &amp; Mohamed, R.(2019, October). <em>Wellness, multicultural, and social justice model for counseling interns in a community counseling center<\/em>. Paper presented at the annual meeting of the Association for Counselor Education and Supervision, Seattle, WA.<\/li>\n\n\n\n<li>Durham, B. J., Edwards, M., Grimmett, M. A., Lupton-Smith, H., Messinger, E., &amp; Mohamed, R.(2019, October). <em>Wellness, multicultural, and social justice model for counseling interns in a community counseling center<\/em>. Paper presented at the annual meeting of the Engagement Scholarship Consortium, Denver, CO.<\/li>\n\n\n\n<li>La Guardia, A. C., Farrell, I. C., Grimmett, M. A., Hof, D., &amp; Rose, J. S. (2019, March). <em>Community <\/em><em>embeddedness: Taking action to support change<\/em>. Chi Sigma Iota Special Session at the annual meeting of the American Counseling Association Conference, New Orleans, LA.<\/li>\n\n\n\n<li>Grimmett, M.A., Lupton-Smith, H., Beckwith, A., Englert, M., &amp; Messinger, E.(2019, March). <em>The community counseling, education, and research (CCERC) model: Addressing community mental health needs through engagement scholarship<\/em>. Poster presented at the annual meeting of the American Counseling Association Conference, New Orleans, LA.<\/li>\n\n\n\n<li><span class=\"m_2401522957113023331highlight\"><span class=\"m_2401522957113023331colour\"><span class=\"m_2401522957113023331font\"><span class=\"m_2401522957113023331size\">Jackson, J. N., Hsu, T. C., &amp; Shaw, A. M. (2019, February).&nbsp;<\/span><\/span><i><span class=\"m_2401522957113023331font\"><span class=\"m_2401522957113023331size\">CCERC\u2019s \u201cTeen Talk\u201d group: Multiculturalism, social justice, and community partnership in practice<\/span><\/span><\/i><span class=\"m_2401522957113023331font\"><span class=\"m_2401522957113023331size\">. Presented at the meeting of the North Carolina Counseling Association, Durham, NC<\/span><\/span><\/span><\/span><\/li>\n\n\n\n<li>Guerin, B &amp; Sutton, K. (2019, February).&nbsp;<i>Weight Stigma: How to Be an Advocate for People of All Sizes.&nbsp;<\/i>North Carolina Counseling Association Conference, Durham, NC.<\/li>\n\n\n\n<li>Grimmett, M. A., Lupton-Smith, H., Beckwith, A., &amp; Englert, M. (2018, October). <em>The Community <\/em><em>Counseling, Education, and Research Center Model of Engagement Scholarship<\/em>. Paper presented at the annual meeting of the Engagement Scholarship Consortium, Minneapolis, MN.<\/li>\n\n\n\n<li>Judeh, N., Deschler, J., (2018, October).&nbsp;<i>Mental Health Services for Refugee Community: Multicultural Considerations.&nbsp;<\/i>Global Experts Meeting on Psychiatry and Mental Health, Rome, Italy.<\/li>\n\n\n\n<li>Edwards, M., Messinger, E., Mohamed, R., Grimmett, M. A., &amp; Lupton-Smith, H. (2018, February).<em>Supervision of counseling interns: A wellness, multicultural, and social justice community training model<\/em>. &nbsp;&nbsp;&nbsp;&nbsp; Paper presented at the meeting of the North Carolina Counseling Association Conference, Durham, NC.<\/li>\n\n\n\n<li>Grimmett, M. A., Lupton-Smith, H., Beckwith, A., &amp; Englert, M. (2017, October). <em>A Community <\/em><em>Counseling Center Model for Multicultural and Social Justice Counselor Education<\/em>. Paper presented at the annual meeting of the Association for Counselor Education and Supervision, Chicago, IL.<\/li>\n\n\n\n<li>Grimmett, M. A., Lupton-Smith, H., Beckwith, A., &amp; Englert, M. (2017, September). <em>A Community <\/em><em>Counseling Center Model for Multicultural and Social Justice Counselor Education<\/em>. Engagement Scholarship Consortium. Paper presented at the annual meeting of the Engagement&nbsp; Scholarship Consortium, Birmingham, AL.<\/li>\n<\/ol>\n\n\n\n<h3 class=\"wp-block-heading\"><a href=\"https:\/\/forms.gle\/bHKHwPYzAZHMfYZ76\" data-type=\"link\" data-id=\"https:\/\/sites.ced.ncsu.edu\/ccerc\/contact\/appointment\/\" target=\"_blank\" rel=\"noreferrer noopener\">Please Click Here To Schedule An Appointment<\/a><\/h3>\n","protected":false},"excerpt":{"rendered":"<p>Articles Grimmett, M.A., Lupton-Smith, H., Beckwith, A., Messinger, E., Edwards, M., Moody, B., Clark, C., Mohamed, M., Englert, M., &amp; Bates, D. (2024)&nbsp;Intent and impact: Connecting multicultural and social justice counselor training to community client experiences.&nbsp;Journal of Multicultural Counseling and Development,&nbsp;1\u201315.&nbsp;https:\/\/doi.org\/10.1002\/jmcd.12292 Abstract Limited studies examine the impact of multicultural counseling and training conceptual models on&hellip;<\/p>\n","protected":false},"author":2,"featured_media":881,"parent":0,"menu_order":0,"comment_status":"closed","ping_status":"closed","template":"","meta":{"_acf_changed":false,"ncst_dynamicHeaderBlockName":"ncst\/default-header","ncst_dynamicHeaderData":"{}","ncst_content_audit_freq":"","ncst_content_audit_date":"","ncst_content_audit_display":false,"ncst_backToTopFlag":"","footnotes":"","_links_to":"","_links_to_target":""},"class_list":["post-14","page","type-page","status-publish","has-post-thumbnail","hentry"],"acf":[],"_links":{"self":[{"href":"https:\/\/sites.ced.ncsu.edu\/ccerc\/wp-json\/wp\/v2\/pages\/14","targetHints":{"allow":["GET"]}}],"collection":[{"href":"https:\/\/sites.ced.ncsu.edu\/ccerc\/wp-json\/wp\/v2\/pages"}],"about":[{"href":"https:\/\/sites.ced.ncsu.edu\/ccerc\/wp-json\/wp\/v2\/types\/page"}],"author":[{"embeddable":true,"href":"https:\/\/sites.ced.ncsu.edu\/ccerc\/wp-json\/wp\/v2\/users\/2"}],"replies":[{"embeddable":true,"href":"https:\/\/sites.ced.ncsu.edu\/ccerc\/wp-json\/wp\/v2\/comments?post=14"}],"version-history":[{"count":73,"href":"https:\/\/sites.ced.ncsu.edu\/ccerc\/wp-json\/wp\/v2\/pages\/14\/revisions"}],"predecessor-version":[{"id":1817,"href":"https:\/\/sites.ced.ncsu.edu\/ccerc\/wp-json\/wp\/v2\/pages\/14\/revisions\/1817"}],"wp:featuredmedia":[{"embeddable":true,"href":"https:\/\/sites.ced.ncsu.edu\/ccerc\/wp-json\/wp\/v2\/media\/881"}],"wp:attachment":[{"href":"https:\/\/sites.ced.ncsu.edu\/ccerc\/wp-json\/wp\/v2\/media?parent=14"}],"curies":[{"name":"wp","href":"https:\/\/api.w.org\/{rel}","templated":true}]}}